{"id":3839,"date":"2023-06-06T13:59:35","date_gmt":"2023-06-06T13:59:35","guid":{"rendered":"https:\/\/moblesalmazan.com\/avis-legal\/"},"modified":"2023-10-23T12:51:07","modified_gmt":"2023-10-23T12:51:07","slug":"avis-legal","status":"publish","type":"page","link":"https:\/\/moblesalmazan.com\/ca\/avis-legal\/","title":{"rendered":"Av\u00eds Legal"},"content":{"rendered":"\t\t<div data-elementor-type=\"wp-page\" data-elementor-id=\"3839\" class=\"elementor elementor-3839 elementor-1075\">\n\t\t\t\t\t\t<section class=\"elementor-section elementor-top-section elementor-element elementor-element-3f18b13e elementor-section-boxed elementor-section-height-default elementor-section-height-default\" data-id=\"3f18b13e\" data-element_type=\"section\">\n\t\t\t\t\t\t<div class=\"elementor-container elementor-column-gap-default\">\n\t\t\t\t\t<div class=\"elementor-column elementor-col-100 elementor-top-column elementor-element elementor-element-15dd5526\" data-id=\"15dd5526\" data-element_type=\"column\">\n\t\t\t<div class=\"elementor-widget-wrap elementor-element-populated\">\n\t\t\t\t\t\t<div class=\"elementor-element elementor-element-4de68752 elementor-widget elementor-widget-text-editor\" data-id=\"4de68752\" data-element_type=\"widget\" data-widget_type=\"text-editor.default\">\n\t\t\t\t<div class=\"elementor-widget-container\">\n\t\t\t\t\t\t\t\t\t<p><strong>Objecte i acceptaci\u00f3<\/strong><\/p>\n<p>El present av\u00eds legal regula l&#8217;\u00fas del nostre lloc web, del qual \u00e9s titular 1951 DECORACION, S.L. La navegaci\u00f3 pel lloc web de 1951 DECORACION, S.L. atribueix la condici\u00f3 d&#8217;usuari del mateix i implica l&#8217;acceptaci\u00f3 plena i sense reserves de totes i cadascuna de les disposicions incloses en aquest Av\u00eds Legal, que poden patir modificacions. Vost\u00e8 s&#8217;obliga a fer un \u00fas correcte del lloc web de conformitat amb les lleis, la bona fe, l&#8217;ordre p\u00fablic, els usos del tr\u00e0nsit i el present <strong>Av\u00eds Legal<\/strong>. El vost\u00e8 respondr\u00e0 davant 1951 DECORACION, S.L. o davant de tercers, de qualssevol danys i perjudicis que poguessin causar-li com a conseq\u00fc\u00e8ncia de l&#8217;incompliment d&#8217;aquesta obligaci\u00f3.<\/p>\n<p><strong>Identificaci\u00f3 i comunicacions<\/strong><\/p>\n<p>1951 DECORACION, S.L., en compliment de la Llei 34\/2002, d&#8217;11 de juliol, de serveis de la societat de la informaci\u00f3 i de comer\u00e7 electr\u00f2nic, l&#8217;informa que:<\/p>\n<ul>\n<li>La seva denominaci\u00f3 social \u00e9s: <strong>1951 DECORACION, S.L.<\/strong><\/li>\n<li>El seu CIF \u00e9s: <strong>B60764495<\/strong><\/li>\n<li>El seu domicili social est\u00e0 en:  <strong>Av. Eduard Toldr\u00e0 40 \u2013 (08800) Vilanova i la Geltr\u00fa (Barcelona)<\/strong><\/li>\n<\/ul>\n<p>Per comunicar-se amb nosaltres, posem a la seva disposici\u00f3 diferents mitjans de contacte especificats en la <strong>pol\u00edtica de privacitat<\/strong>.<\/p>\n<p>Totes les notificacions i comunicacions que realitzi amb <strong>1951 DECORACION, S.L. <\/strong>es consideraran efica\u00e7os, a tots els efectes, sempre que es realitzin pels mitjans especificats anteriorment.<\/p>\n<p><strong>Condicions d&#8217; acc\u00e9s i utilitzaci\u00f3<\/strong><\/p>\n<p>El lloc web i els seus serveis s\u00f3n d&#8217;acc\u00e9s lliure, no obstant, <strong>1951 DECORACION, S.L. <\/strong>condiciona la utilitzaci\u00f3 d&#8217;alguns dels serveis oferts al seu web a la pr\u00e8via formalitzaci\u00f3 del corresponent formulari.<\/p>\n<p>Vost\u00e8 garanteix l&#8217;autenticitat i actualitat de totes aquelles dades que comuniqui a <strong>1951 DECORACION, S.L. <\/strong>i ser\u00e0 l&#8217;\u00fanic responsable de les manifestacions falses o inexactes que realitzi.<\/p>\n<p>Vost\u00e8 es compromet expressament a fer un \u00fas adequat dels continguts i serveis de <strong>1951 DECORACION, S.L. <\/strong>i a no emprar-los per, entre d&#8217; altres:<\/p>\n<ul>\n<li>Difondre continguts, delictius, violents, pornogr\u00e0fics, racistes, xen\u00f2fob, ofensius, d&#8217; apologia del terrorisme o, en general, contraris a la llei o a l&#8217; ordre p\u00fablic.<\/li>\n<li>Introduir a la xarxa virus inform\u00e0tics o realitzar actuacions susceptibles d&#8217; alterar, malmetre, interrompre o generar errors o danys en els documents electr\u00f2nics, dades o sistemes f\u00edsics i l\u00f2gics de  <strong>1951 DECORACION, S.L.  <\/strong>o de terceres persones; aix\u00ed com obstaculitzar l&#8217;acc\u00e9s d&#8217;altres usuaris al lloc web i als seus serveis mitjan\u00e7ant el consum massiu dels recursos inform\u00e0tics a trav\u00e9s dels quals  <strong>1951 DECORACION, S.L.<\/strong>  presta els seus serveis.<\/li>\n<li>Intentar accedir dades d&#8217; altres persones o a \u00e0rees restringides dels sistemes inform\u00e0tics de <strong>1951 DECORACION, S.L. <\/strong>o de tercers i, si s&#8217;escau, extreure informaci\u00f3.<\/li>\n<li>Vulnerar els drets de propietat intel\u00b7lectual o industrial, aix\u00ed com violar la confidencialitat de la informaci\u00f3 de <strong>1951 DECORACION, S.L. <\/strong>o de tercers.<\/li>\n<li>Suplantar la identitat d&#8217; un altre usuari, de les administracions p\u00fabliques o d&#8217; un tercer.<\/li>\n<li>Reproduir, copiar, distribuir, posar a disposici\u00f3 o de qualsevol altra forma comunicar p\u00fablicament, transformar o modificar els continguts, llevat que es compti amb l&#8217; autoritzaci\u00f3 del titular dels corresponents drets o aix\u00f2 resulti legalment perm\u00e8s.<\/li>\n<li>Recaptar dades amb finalitat publicit\u00e0ria i de remetre publicitat de qualsevol classe i comunicacions amb finalitats de venda o altres de naturalesa comercial sense que hi hagi la seva pr\u00e8via sol\u00b7licitud o consentiment.<\/li>\n<\/ul>\n<p>Tots els continguts del lloc web, com textos, fotografies, gr\u00e0fics, imatges, icones, tecnologia, programari, aix\u00ed com el seu disseny gr\u00e0fic i codis font, constitueixen una obra la propietat de la qual pertany a  <strong>1951 DECORACION, S.L.<\/strong>, sense que puguin entendre&#8217;s com a cedits cap dels drets d&#8217;explotaci\u00f3 sobre els mateixos m\u00e9s enll\u00e0 de l&#8217;estrictament necessari per al correcte \u00fas de la web.<\/p>\n<p>En definitiva, vost\u00e8 que accedeix a aquest lloc web, pot visualitzar els continguts i efectuar, si s&#8217;escau, c\u00f2pies privades autoritzades sempre que els elements reprodu\u00efts no siguin cedits posteriorment a tercers, ni s&#8217;instal\u00b7lin a servidors connectats a xarxes, ni siguin objecte de cap tipus d&#8217;explotaci\u00f3.<\/p>\n<p>Aix\u00ed mateix, totes les marques, noms comercials o signes distintius de qualsevol classe que apareixen en el lloc web s\u00f3n propietat de <strong>1951 DECORACION, S.L.<\/strong>, sense que pugui entendre&#8217;s que l&#8217;\u00fas o acc\u00e9s al mateix li atribueixi cap dret sobre els mateixos.<\/p>\n<p>La distribuci\u00f3, modificaci\u00f3, cessi\u00f3 o comunicaci\u00f3 p\u00fablica dels continguts i qualsevol altre acte que no hagi estat expressament autoritzat pel titular dels drets d&#8217; explotaci\u00f3 queden prohibits.<\/p>\n<p>L&#8217;establiment d&#8217;un hiperenlla\u00e7 no implica en cap cas l&#8217;exist\u00e8ncia de relacions entre <strong>1951 DECORACION, S.L.<\/strong> i el propietari del lloc web en la qual s&#8217;estableixi, ni l&#8217;acceptaci\u00f3 i aprovaci\u00f3 per part de <strong>1951 DECORACION, S.L.<\/strong> dels seus continguts o serveis. Aquelles persones que es proposin establir un hiperenlla\u00e7 pr\u00e8viament hauran de sol\u00b7licitar autoritzaci\u00f3 per escrit a  <strong>1951 DECORACION, S.L.<\/strong>  En tot cas, l&#8217;hiperenlla\u00e7 \u00fanicament permetr\u00e0 l&#8217;acc\u00e9s a l&#8217;home-page o p\u00e0gina d&#8217;inici del nostre lloc web, aix\u00ed mateix s&#8217;haur\u00e0 d&#8217;abstenir de realitzar manifestacions o indicacions falses, inexactes o incorrectes sobre  <strong>1951 DECORACION, S.L.<\/strong>, o incloure continguts il\u00b7l\u00edcits, contraris als bons costums i a l&#8217;ordre p\u00fablic.<\/p>\n<p><strong>1951 DECORACION, S.L.<\/strong> no es responsabilitza de l&#8217;\u00fas que cada usuari li doni als materials posats a disposici\u00f3 en aquest lloc web ni de les actuacions que realitzi en base als mateixos.<\/p>\n<p><strong>Exclusi\u00f3 de garanties i de responsabilitat<\/strong><\/p>\n<p><strong>1951 DECORACION, S.L.<\/strong> exclou, fins on permet l&#8217; ordenament jur\u00eddic, qualsevol responsabilitat pels danys i perjudicis de tota naturalesa derivats de:<\/p>\n<ul>\n<li>La impossibilitat d&#8217;acc\u00e9s al lloc web o la falta de veracitat, exactitud, exhaustivitat i\/o actualitat dels continguts, aix\u00ed com l&#8217;exist\u00e8ncia de vicis i defectes de tota classe dels continguts transmesos, difosos, emmagatzemats, posats a disposici\u00f3 als quals s&#8217;hagi accedit a trav\u00e9s del lloc web o dels serveis que s&#8217;ofereixen.<\/li>\n<li>La pres\u00e8ncia de virus o d&#8217; altres elements en els continguts que puguin produir alteracions en els sistemes inform\u00e0tics, documents electr\u00f2nics o dades dels usuaris.<\/li>\n<li>L&#8217;incompliment de les lleis, la bona fe, l&#8217;ordre p\u00fablic, els usos del tr\u00e0nsit i el present av\u00eds legal com a conseq\u00fc\u00e8ncia de l&#8217;\u00fas incorrecte del lloc web. En particular, i a mode exemplificatiu,  <strong>1951 DECORACION, S.L.  <\/strong>no es fa responsable de les actuacions de tercers que vulnerin drets de propietat intel\u00b7lectual i industrial, secrets empresarials, drets a l&#8217;honor, a la intimitat personal i familiar i a la pr\u00f2pia imatge, aix\u00ed com la normativa en mat\u00e8ria de compet\u00e8ncia deslleial i publicitat il\u00b7l\u00edcita.<\/li>\n<\/ul>\n<p>Aix\u00ed mateix, <strong>1951 DECORACION, S.L.<\/strong> declina qualsevol responsabilitat respecte a la informaci\u00f3 que es trobi fora d&#8217;aquesta web i no sigui gestionada directament pel nostre webmaster. La funci\u00f3 dels links que apareixen en aquesta web \u00e9s exclusivament la d&#8217;informar l&#8217;usuari sobre l&#8217;exist\u00e8ncia d&#8217;altres fonts susceptibles d&#8217;ampliar els continguts que ofereix aquest lloc web.  <strong>1951 DECORACION, S.L.<\/strong> no garanteix ni es responsabilitza del funcionament o accessibilitat dels llocs enlla\u00e7ats; ni suggereix, convida o recomana la visita als mateixos, per la qual cosa tampoc ser\u00e0 responsable del resultat obtingut.  <strong>1951 DECORACION, S.L. <\/strong> no es responsabilitza de l&#8217; establiment d&#8217; hipervincles per part de tercers.<\/p>\n<p><strong>Procediment en cas de realitzaci\u00f3 d&#8217; activitats de car\u00e0cter il\u00b7l\u00edcit<\/strong><\/p>\n<p>En el cas que vost\u00e8 o un tercer consideri que existeixen fets o circumst\u00e0ncies que revelin el car\u00e0cter il\u00b7l\u00edcit de la utilitzaci\u00f3 de qualsevol contingut i\/o de la realitzaci\u00f3 de qualsevol activitat a les p\u00e0gines web incloses o accessibles a trav\u00e9s del lloc web, s&#8217;haur\u00e0 de posar en contacte amb  <strong>1951 DECORACION, S.L.<\/strong>  identificant-se degudament, especificant les suposades infraccions i declarant expressament i sota la seva responsabilitat que la informaci\u00f3 proporcionada en la notificaci\u00f3 \u00e9s exacta.<\/p>\n<p>Per a tota q\u00fcesti\u00f3 litigiosa que incumbeixi al lloc web de <strong>1951 DECORACION, S.L.<\/strong>, ser\u00e0 d&#8217;aplicaci\u00f3 la legislaci\u00f3 espanyola, sent competents els Jutjats i Tribunals m\u00e9s propers a la seu d&#8217;Espanya.<\/p>\n<p><strong>Publicacions<\/strong><\/p>\n<p>La informaci\u00f3 administrativa facilitada a trav\u00e9s del lloc web no substitueix la publicitat legal de les lleis, normatives, plans, disposicions generals i actes que hagin de ser publicats formalment als diaris oficials de les administracions p\u00fabliques, que constitueixen l&#8217;\u00fanic instrument que d\u00f3na fe de la seva autenticitat i contingut. La informaci\u00f3 disponible en aquest lloc web s&#8217;ha d&#8217;entendre com una guia sense prop\u00f2sit de validesa legal.<\/p>\n\t\t\t\t\t\t\t\t<\/div>\n\t\t\t\t<\/div>\n\t\t\t\t\t<\/div>\n\t\t<\/div>\n\t\t\t\t\t<\/div>\n\t\t<\/section>\n\t\t\t\t<\/div>\n\t\t","protected":false},"excerpt":{"rendered":"<p>Objecte i acceptaci\u00f3 El present av\u00eds legal regula l&#8217;\u00fas del nostre lloc web, del qual \u00e9s titular 1951 DECORACION, S.L. La navegaci\u00f3 pel lloc web de 1951 DECORACION, S.L. atribueix la condici\u00f3 d&#8217;usuari del mateix i implica l&#8217;acceptaci\u00f3 plena i sense reserves de totes i cadascuna de les disposicions incloses en aquest Av\u00eds Legal, que [&hellip;]<\/p>\n","protected":false},"author":1,"featured_media":0,"parent":0,"menu_order":0,"comment_status":"closed","ping_status":"open","template":"","meta":{"om_disable_all_campaigns":false,"_monsterinsights_skip_tracking":false,"_monsterinsights_sitenote_active":false,"_monsterinsights_sitenote_note":"","_monsterinsights_sitenote_category":0,"footnotes":""},"class_list":["post-3839","page","type-page","status-publish","hentry"],"aioseo_notices":[],"_links":{"self":[{"href":"https:\/\/moblesalmazan.com\/ca\/wp-json\/wp\/v2\/pages\/3839","targetHints":{"allow":["GET"]}}],"collection":[{"href":"https:\/\/moblesalmazan.com\/ca\/wp-json\/wp\/v2\/pages"}],"about":[{"href":"https:\/\/moblesalmazan.com\/ca\/wp-json\/wp\/v2\/types\/page"}],"author":[{"embeddable":true,"href":"https:\/\/moblesalmazan.com\/ca\/wp-json\/wp\/v2\/users\/1"}],"replies":[{"embeddable":true,"href":"https:\/\/moblesalmazan.com\/ca\/wp-json\/wp\/v2\/comments?post=3839"}],"version-history":[{"count":2,"href":"https:\/\/moblesalmazan.com\/ca\/wp-json\/wp\/v2\/pages\/3839\/revisions"}],"predecessor-version":[{"id":3843,"href":"https:\/\/moblesalmazan.com\/ca\/wp-json\/wp\/v2\/pages\/3839\/revisions\/3843"}],"wp:attachment":[{"href":"https:\/\/moblesalmazan.com\/ca\/wp-json\/wp\/v2\/media?parent=3839"}],"curies":[{"name":"wp","href":"https:\/\/api.w.org\/{rel}","templated":true}]}}