{"id":3880,"date":"2023-06-01T11:20:29","date_gmt":"2023-06-01T11:20:29","guid":{"rendered":"https:\/\/moblesalmazan.com\/politica-de-cookies\/"},"modified":"2023-10-23T12:51:25","modified_gmt":"2023-10-23T12:51:25","slug":"politica-de-cookies","status":"publish","type":"page","link":"https:\/\/moblesalmazan.com\/ca\/politica-de-cookies\/","title":{"rendered":"Pol\u00edtica de cookies"},"content":{"rendered":"\t\t<div data-elementor-type=\"wp-page\" data-elementor-id=\"3880\" class=\"elementor elementor-3880 elementor-1042\">\n\t\t\t\t\t\t<section class=\"elementor-section elementor-top-section elementor-element elementor-element-3f18b13e elementor-section-boxed elementor-section-height-default elementor-section-height-default\" data-id=\"3f18b13e\" data-element_type=\"section\">\n\t\t\t\t\t\t<div class=\"elementor-container elementor-column-gap-default\">\n\t\t\t\t\t<div class=\"elementor-column elementor-col-100 elementor-top-column elementor-element elementor-element-15dd5526\" data-id=\"15dd5526\" data-element_type=\"column\">\n\t\t\t<div class=\"elementor-widget-wrap elementor-element-populated\">\n\t\t\t\t\t\t<div class=\"elementor-element elementor-element-4de68752 elementor-widget elementor-widget-text-editor\" data-id=\"4de68752\" data-element_type=\"widget\" data-widget_type=\"text-editor.default\">\n\t\t\t\t<div class=\"elementor-widget-container\">\n\t\t\t\t\t\t\t\t\t\n<h4>Informaci\u00f3 General de les cookies<\/h4>\n<p>La confian\u00e7a de l&#8217;usuari \u00e9s important per a nosaltres, i per tant, el 1951 DECORACION, S.L. ens preocupa protegir la seva privacitat. Un aspecte important d&#8217;aix\u00f2 \u00e9s proporcionar-li tota la informaci\u00f3 possible sobre com utilitzem les teves dades de car\u00e0cter personal, fins i tot com utilitzem l&#8217;emmagatzematge local de dades i tecnologia similar<\/p>\n<p>L&#8217;emmagatzematge local de dades implica emmagatzemar diferents tipus de dades localment en el seu dispositiu a trav\u00e9s del seu navegador web. Les dades emmagatzemades localment poden, per exemple, contenir la configuraci\u00f3 de l&#8217;usuari, informaci\u00f3 sobre com navega pel nostre lloc web, quin navegador web utilitza, quins anuncis s&#8217;han mostrat, i el comportament similar en llocs web amb els quals col\u00b7laborem. Les dades emmagatzemades localment poden ser utilitzades per personalitzar el contingut i les funcions en els nostres serveis de manera que les seves visites siguin m\u00e9s c\u00f2modes i tinguin m\u00e9s sentit.<\/p>\n<p>Un m\u00e8tode d&#8217;emmagatzematge local de dades s\u00f3n les cookies. Les cookies s\u00f3n petits arxius de text que s&#8217;emmagatzemen en el seu dispositiu (PC, tel\u00e8fon m\u00f2bil o tauleta) que ens permeten recon\u00e8ixer el seu navegador web. Les cookies contenen informaci\u00f3 principalment sobre el seu navegador web i sobre qualsevol activitat que s&#8217;hi ha produ\u00eft. Ens ajuden a garantir la seguretat i el funcionament \u00f2ptim del nostre lloc web, un cop surt de la nostra web aquestes s\u00f3n eliminades (cookies de seguretat i cookies de sessi\u00f3) i recullen informaci\u00f3 sobre els productes que els interessen a les nostres visites d&#8217;internet i sobre com naveguen a trav\u00e9s del nostre lloc web perqu\u00e8 les nostres ofertes online siguin m\u00e9s atractives per als usuaris (cookies de seguiment).<\/p>\n<h4>Informaci\u00f3 complement\u00e0ria de la cookies<\/h4>\n<p>Utilitzem l&#8217;emmagatzematge local de dades per a una s\u00e8rie de finalitats, com ara: permetre&#8217;ns realitzar els nostres serveis; aportar-te contingut pertinent, personalitzat quan visites els nostres llocs web; mesurar i analitzar el tr\u00e0nsit al nostre lloc web; millorar els nostres serveis; i dirigir publicitat espec\u00edfica. A continuaci\u00f3, s&#8217;ofereixen m\u00e9s detalls sobre aquests temes:<\/p>\n<ul>\n<li>Per a la nostra publicitat<\/li>\n<\/ul>\n<p>Utilitzem l&#8217; emmagatzematge local de dades en relaci\u00f3 amb les activitats publicit\u00e0ries. Aix\u00f2 ens permet saber si i amb freq\u00fc\u00e8ncia l&#8217;usuari ha vist un anunci o determinat tipus d&#8217;anunci, i quant temps fa que ho va veure.<\/p>\n<p>Tamb\u00e9 utilitzem l&#8217;emmagatzematge local de dades per construir segments i grups objectiu amb finalitats de m\u00e0rqueting i per dirigir anuncis espec\u00edfics.<\/p>\n<ul>\n<li>Per analitzar i millorar els nostres serveis<\/li>\n<\/ul>\n<p>Utilitzem diverses eines de mesurament que ens proporcionen estad\u00edstiques i an\u00e0lisis relatives als nostres serveis. Aquestes eines ens permeten recon\u00e8ixer el navegador web al llarg del temps i esbrinar si l&#8217;usuari ha visitat el lloc web anteriorment i si \u00e9s aix\u00ed amb quina freq\u00fc\u00e8ncia. Aquestes eines ens ofereixen la possibilitat d&#8217;aconseguir una visi\u00f3 general de quants usuaris \u00fanics tenim i com utilitzen els nostres serveis.<\/p>\n<p>Aix\u00ed mateix, utilitzem la informaci\u00f3 que hem recollit i analitzat per desenvolupar i millorar els nostres serveis; per exemple, esbrinant quins serveis generen molt tr\u00e0nsit o veient si un servei est\u00e0 funcionant de manera \u00f2ptima.<\/p>\n<ul>\n<li>Per lliurar i adaptar els serveis al seu \u00fas<\/li>\n<\/ul>\n<p>Es requereix i \u00e9s necessari l&#8217;emmagatzematge local de dades per tal de permetre&#8217;t utilitzar els nostres serveis, com ara informaci\u00f3 sobre la seva configuraci\u00f3, que ens diu com s&#8217;han de presentar els serveis al teu navegador web.<\/p>\n<p>Tamb\u00e9 utilitzem l&#8217;emmagatzematge local de dades per adaptar els nostres serveis al seu \u00fas el millor possible.<\/p>\n<h4>Gesti\u00f3 de les cookies<\/h4>\n<p>Pot desactivar les cookies o configurar el seu navegador perqu\u00e8 l&#8217;avisi quan t&#8217;envien una cookie.<\/p>\n<p>La configuraci\u00f3 al seu navegador web normalment mostra una llista de totes les cookies que han estat emmagatzemades per proporcionar-li una visi\u00f3 general i, si ho desitja, per eliminar les cookies no desitjades. Normalment, pot indicar que accepta l&#8217;emmagatzematge de cookies dels llocs web que visites o de tercers afiliats a aquests llocs web. Tamb\u00e9 pot escollir ser notificat cada vegada que s&#8217;emmagatzema una nova cookie. Se li proporciona a continuaci\u00f3 orientaci\u00f3 sobre com fer aix\u00f2 en diferents navegadors web. El seu navegador web emmagatzema normalment cookies en una carpeta espec\u00edfica en el seu disc dur, de manera que pugui examinar tamb\u00e9 el contingut amb m\u00e9s detall.<\/p>\n<p>No obstant aix\u00f2, les cookies que estan presents al lloc web canvien amb freq\u00fc\u00e8ncia, i no totes les cookies s\u00f3n igual d&#8217;importants. Per tant, si 1951 DECORACION, S.L. canvia l&#8217;\u00fas de les cookies de seguiment, se li notificar\u00e0 amb un missatge.<\/p>\n<p>Aix\u00ed mateix, hi ha disponibles serveis que han estat desenvolupats especialment per proporcionar als usuaris una llista actualitzada de cookies i altres mecanismes de seguiment.<\/p>\n<p>Tingui en compte que si vost\u00e8 les desactiva, \u00e9s possible que no pugui gaudir de totes les funcionalitats del nostre lloc web<\/p>\n<p>A continuaci\u00f3, se li presenta un resum de com les dades emmagatzemades localment poden ser gestionades en diferents navegadors web. Tingui en compte que aquest proc\u00e9s pot canviar i que les descripcions donades aqu\u00ed poden no estar actualitzades.<\/p>\n<h4><strong>Gesti\u00f3 de cookies a Google Chrome<\/strong><\/h4>\n<ul>\n<li>Com eliminar cookies:\n<ol>\n<li>Veu a Configuraci\u00f3 en el men\u00fa del seu navegador.<\/li>\n<li>Fes clic a Mostrar configuraci\u00f3 avan\u00e7ada.<\/li>\n<li>Fes clic a Eliminar dades de navegaci\u00f3.<\/li>\n<li>Selecciona el per\u00edode de temps per al qual desitges eliminar la informaci\u00f3 en el men\u00fa en la part superior. Si desitges eliminar totes les cookies al navegador, fes clic a Des de l&#8217;origen dels temps.<\/li>\n<li>Marca Cookies i altres dades de llocs i complements.<\/li>\n<li>Fes clic a Esborrar dades de navegaci\u00f3.<\/li>\n<li>Tanca la finestra.<\/li>\n<\/ol>\n<\/li>\n<li>Com evitar que les cookies s&#8217;emmagatzemin al navegador web:\n<ol>\n<li>Veu a Configuraci\u00f3 en el men\u00fa del teu navegador.<\/li>\n<li>Fes clic a Mostrar configuraci\u00f3 avan\u00e7ada i despr\u00e9s fes clic en Configuraci\u00f3 de contingut.<\/li>\n<li>A Cookies, selecciona la teva opci\u00f3 preferida. Si desitja evitar que totes les cookies s&#8217;emmagatzemin, faci clic a No permetre que es guardin dades dels llocs.<\/li>\n<li>Fes clic a Fet.<\/li>\n<li>Tanca la finestra.<\/li>\n<\/ol>\n<\/li>\n<\/ul>\n<h4><strong>Gesti\u00f3 de cookies a Safari<\/strong><\/h4>\n<ul>\n<li>Com eliminar cookies:\n<ol>\n<li>Anar a Prefer\u00e8ncies en el men\u00fa del seu navegador.<\/li>\n<li>Fes clic a la pestanya Privacitat.<\/li>\n<li>Fes clic a Eliminar totes les dades dels llocs web i despr\u00e9s fes clic a Eliminar per eliminar totes les cookies.<\/li>\n<li>Tanca la finestra.<\/li>\n<\/ol>\n<\/li>\n<li>Com evitar que les cookies s&#8217;emmagatzemin al seu navegador web:\n<ol>\n<li>Anar a Prefer\u00e8ncies en el men\u00fa del teu navegador<\/li>\n<li>Fes clic a la pestanya Privacitat.<\/li>\n<li>A Cookies i dades de llocs web selecciona la teva opci\u00f3 preferida. Si desitges evitar que totes les cookies s&#8217;emmagatzemin, fes clic a Bloquejar sempre.<\/li>\n<li>Tanca la finestra.<\/li>\n<\/ol>\n<\/li>\n<\/ul>\n<h4><strong>Gesti\u00f3 de cookies a Mozilla Firefox<\/strong><\/h4>\n<ul>\n<li>Com eliminar cookies:\n<ol>\n<li>Anar a Opcions en el men\u00fa del seu navegador.<\/li>\n<li>Fes clic a la pestanya Privacitat.<\/li>\n<li>Fes clic a Mostrar cookies.<\/li>\n<li>Selecciona les cookies que desitges eliminar i fes clic a Eliminar seleccionades. Fes clic a Eliminar totes si desitges eliminar totes les cookies al teu navegador web.<\/li>\n<li>Tanca la finestra. Qualsevol canvi que hagis fet es guardar\u00e0 autom\u00e0ticament.<\/li>\n<\/ol>\n<\/li>\n<li>Com evitar que les cookies s&#8217;emmagatzemin al teu navegador web:\n<ol>\n<li>Anar a Configuraci\u00f3 en el men\u00fa del teu navegador.<\/li>\n<li>Selecciona la pestanya Privacitat.<\/li>\n<li>A Historial, fes clic a Usar una configuraci\u00f3 personalitzada per a l&#8217;historial.<\/li>\n<li>Selecciona les teves opcions preferides a Permetre cookies de llocs web. Si desitges evitar que totes les cookies s&#8217;emmagatzemin, desactiva la casella Acceptar cookies de llocs web.<\/li>\n<li>Tanca la finestra. Qualsevol canvi que hagis fet es guardar\u00e0 autom\u00e0ticament.<\/li>\n<\/ol>\n<\/li>\n<\/ul>\n<h4><strong>Gesti\u00f3 de cookies a Internet Explorer<\/strong><\/h4>\n<ul>\n<li>Com eliminar cookies:\n<ol>\n<li>Anar a Eines (icona de roda dentada) al men\u00fa del teu navegador.<\/li>\n<li>Fes clic en Propietats d&#8217;Internet.<\/li>\n<li>A la pestanya General &#8211; Historial de navegaci\u00f3, fes clic a Eliminar.<\/li>\n<li>Assegura&#8217;t de marcar l&#8217;opci\u00f3 Cookies i dades de llocs web.<\/li>\n<li>Fes clic a Eliminar.<\/li>\n<li>Fes clic a OK.<\/li>\n<\/ol>\n<\/li>\n<li>Com evitar que les cookies s&#8217;emmagatzemin al seu navegador web:\n<ol>\n<li>Anar a Eines (icona de roda dentada) al men\u00fa del teu navegador.<\/li>\n<li>Fes clic a Opcions d&#8217;Internet i despr\u00e9s fes clic a la pestanya Privacitat.<\/li>\n<li>Mou la barra lliscant al nivell desitjat. Si desitges evitar que totes les cookies s&#8217;emmagatzemin, selecciona el nivell Bloquejar totes les cookies.<\/li>\n<li>Fes clic a OK.<\/li>\n<\/ol>\n<\/li>\n<\/ul>\n<h4><strong>Gesti\u00f3 de cookies en Opera<\/strong><\/h4>\n<ul>\n<li>Com eliminar cookies:\n<ol>\n<li>Anar a Configuraci\u00f3 en el men\u00fa del teu navegador.<\/li>\n<li>Selecciona la pestanya de Privacitat i Seguretat.<\/li>\n<li>Fes clic a Cookies i despr\u00e9s fes clic a Totes les cookies i dades de llocs web.<\/li>\n<li>Selecciona les cookies que desitges eliminar i fes clic a Eliminar. Fes clic a Eliminar totes si desitges eliminar totes les cookies al teu navegador web.<\/li>\n<li>Fes clic a Fet.<\/li>\n<li>Tanca la finestra.<\/li>\n<\/ol>\n<\/li>\n<li>Com evitar que les cookies s&#8217;emmagatzemin al seu navegador web:\n<ol>\n<li>Anar a Configuraci\u00f3 en el men\u00fa del teu navegador.<\/li>\n<li>Selecciona la pestanya de Privacitat i Seguretat.<\/li>\n<\/ol>\n<\/li>\n<\/ul>\n<p>A Cookies, selecciona la teva opci\u00f3 preferida. Si desitges evitar que totes les cookies s&#8217;emmagatzemin, fes clic a No permetre que es guardin dades dels llocs.<\/p>\n<ol start=\"3\">\n<li>Tanca la finestra.<\/li>\n<\/ol>\n<h4><strong>Informaci\u00f3 de contacte<\/strong><\/h4>\n<p>Per a major transpar\u00e8ncia, si t\u00e9 alguna pregunta relativa a l&#8217;\u00fas de l&#8217;emmagatzematge local del nostre lloc web, poseu-se en contacte amb nosaltres en <strong>info@moblesalmazan.com<\/strong>, indicant en l&#8217;assumpte &#8220;Pol\u00edtica de cookies&#8221;<\/p>\n\t\t\t\t\t\t\t\t<\/div>\n\t\t\t\t<\/div>\n\t\t\t\t\t<\/div>\n\t\t<\/div>\n\t\t\t\t\t<\/div>\n\t\t<\/section>\n\t\t\t\t<\/div>\n\t\t","protected":false},"excerpt":{"rendered":"<p>Informaci\u00f3 General de les cookies La confian\u00e7a de l&#8217;usuari \u00e9s important per a nosaltres, i per tant, el 1951 DECORACION, S.L. ens preocupa protegir la seva privacitat. Un aspecte important d&#8217;aix\u00f2 \u00e9s proporcionar-li tota la informaci\u00f3 possible sobre com utilitzem les teves dades de car\u00e0cter personal, fins i tot com utilitzem l&#8217;emmagatzematge local de dades [&hellip;]<\/p>\n","protected":false},"author":1,"featured_media":0,"parent":0,"menu_order":0,"comment_status":"closed","ping_status":"open","template":"","meta":{"om_disable_all_campaigns":false,"_monsterinsights_skip_tracking":false,"_monsterinsights_sitenote_active":false,"_monsterinsights_sitenote_note":"","_monsterinsights_sitenote_category":0,"footnotes":""},"class_list":["post-3880","page","type-page","status-publish","hentry"],"aioseo_notices":[],"_links":{"self":[{"href":"https:\/\/moblesalmazan.com\/ca\/wp-json\/wp\/v2\/pages\/3880","targetHints":{"allow":["GET"]}}],"collection":[{"href":"https:\/\/moblesalmazan.com\/ca\/wp-json\/wp\/v2\/pages"}],"about":[{"href":"https:\/\/moblesalmazan.com\/ca\/wp-json\/wp\/v2\/types\/page"}],"author":[{"embeddable":true,"href":"https:\/\/moblesalmazan.com\/ca\/wp-json\/wp\/v2\/users\/1"}],"replies":[{"embeddable":true,"href":"https:\/\/moblesalmazan.com\/ca\/wp-json\/wp\/v2\/comments?post=3880"}],"version-history":[{"count":8,"href":"https:\/\/moblesalmazan.com\/ca\/wp-json\/wp\/v2\/pages\/3880\/revisions"}],"predecessor-version":[{"id":3896,"href":"https:\/\/moblesalmazan.com\/ca\/wp-json\/wp\/v2\/pages\/3880\/revisions\/3896"}],"wp:attachment":[{"href":"https:\/\/moblesalmazan.com\/ca\/wp-json\/wp\/v2\/media?parent=3880"}],"curies":[{"name":"wp","href":"https:\/\/api.w.org\/{rel}","templated":true}]}}